{"id":7664,"date":"2025-06-24T14:35:11","date_gmt":"2025-06-24T14:35:11","guid":{"rendered":"https:\/\/sanaa.hn\/index.php\/community\/"},"modified":"2025-06-25T18:55:06","modified_gmt":"2025-06-25T18:55:06","slug":"community","status":"publish","type":"page","link":"https:\/\/sanaa.hn\/index.php\/community\/","title":{"rendered":"Foro de Opiniones"},"content":{"rendered":"\n<p>Normas del Foro<\/p>\n\n\n\n<p>Contenido Permitido:<\/p>\n\n\n\n<p>1. Opiniones Constructivas: Comentarios que contribuyan a la discusi\u00f3n sobre el trabajo de agua y saneamiento que el Sanaa realiza a nivel nacional.<\/p>\n\n\n\n<p>2. Sugerencias: Propuestas para mejorar los servicios de agua y saneamiento.<\/p>\n\n\n\n<p>3. Preguntas: Consultas sobre nuestros servicios.<\/p>\n\n\n\n<p>4. Experiencias Personales: Relatos que ilustren situaciones relacionadas con el abastecimiento de agua a nivel nacional.<\/p>\n\n\n\n<p>5. Datos y Fuentes: Informaci\u00f3n respaldada por datos verificables y fuentes confiables.<\/p>\n\n\n\n<p>Contenicio Prohibido:<\/p>\n\n\n\n<p>1. Lenguaje Offensivo: Insultos, agresiones o cualquier forma de hostigamiento.<\/p>\n\n\n\n<p>2. Spam y Publicidad: Mensajes irrelevantes, promociones comerciales o enlaces no relacionados con el tema.<\/p>\n\n\n\n<p>3. Informaci\u00f3n Personal: No compartir datos personales propios o de terceros.<\/p>\n\n\n\n<p>4. Desinformaci\u00f3n: Publicar informaci\u00f3n falsa o enga\u00f1osa.<\/p>\n\n\n\n<p>5. Discriminaci\u00f3n: Comentarios que fomenten ei odio o la intolerancia hacia cualquier grupo o individuo.<\/p>\n\n\n\n<p>6. Incitaci\u00f3n a la Violencia: Cualquier contenido que promueva actos violentos o ilegales,<\/p>\n\n\n\n<p>Consecuencias;<\/p>\n\n\n\n<p>El incumplimiento de estas normas puede resultar en la eliminaci\u00f3n del contenido y\/o la restricci\u00f3n de&nbsp;acceso&nbsp;al&nbsp;foro.<\/p>\n\n\n<p>Espacio de Opini\u00f3n: Transparencia y Lucha contra la Corrupci\u00f3n.<\/p>\n<p>Bienvenidos al foro del SANAA aportando a la Transparencia y Lucha contra la Corrupci\u00f3n, este es un espacio destinado a que los ciudadanos expresen sus opiniones, inquietudes y sugerencias sobre la gestion que el SANAA realiza a nivel Nacional.<\/p>\n<p>Aqui, promovemos el di\u00e1logo abierto y constructivo, con el objetivo de fortalecer\u00a0 y mejorar nuestros servicios, basandonos en el ODS 6, Agua Limpia y Saneamiento para nuestra sociedad.<\/p>\n<p>Tu voz es fundamental para construir un futuro m\u00e1s transparente y justo. Participa y comparte tu opini\u00f3n!<\/p>\n\n\n\n\n\n<p><\/p>\n","protected":false},"excerpt":{"rendered":"<p>Normas del Foro Contenido Permitido: 1. Opiniones Constructivas: Comentarios que contribuyan a la discusi\u00f3n sobre el trabajo de agua y saneamiento que el Sanaa realiza a nivel nacional. 2. Sugerencias: Propuestas para mejorar los servicios de agua y saneamiento. 3. Preguntas: Consultas sobre nuestros servicios. 4. Experiencias Personales: Relatos que ilustren situaciones relacionadas con el [&hellip;]<\/p>\n","protected":false},"author":1,"featured_media":0,"parent":0,"menu_order":0,"comment_status":"close","ping_status":"close","template":"","meta":{"_eb_attr":"","footnotes":""},"class_list":["post-7664","page","type-page","status-publish","hentry"],"_links":{"self":[{"href":"https:\/\/sanaa.hn\/index.php\/wp-json\/wp\/v2\/pages\/7664","targetHints":{"allow":["GET"]}}],"collection":[{"href":"https:\/\/sanaa.hn\/index.php\/wp-json\/wp\/v2\/pages"}],"about":[{"href":"https:\/\/sanaa.hn\/index.php\/wp-json\/wp\/v2\/types\/page"}],"author":[{"embeddable":true,"href":"https:\/\/sanaa.hn\/index.php\/wp-json\/wp\/v2\/users\/1"}],"replies":[{"embeddable":true,"href":"https:\/\/sanaa.hn\/index.php\/wp-json\/wp\/v2\/comments?post=7664"}],"version-history":[{"count":8,"href":"https:\/\/sanaa.hn\/index.php\/wp-json\/wp\/v2\/pages\/7664\/revisions"}],"predecessor-version":[{"id":7733,"href":"https:\/\/sanaa.hn\/index.php\/wp-json\/wp\/v2\/pages\/7664\/revisions\/7733"}],"wp:attachment":[{"href":"https:\/\/sanaa.hn\/index.php\/wp-json\/wp\/v2\/media?parent=7664"}],"curies":[{"name":"wp","href":"https:\/\/api.w.org\/{rel}","templated":true}]}}