{"id":753,"date":"2023-05-22T08:23:04","date_gmt":"2023-05-22T08:23:04","guid":{"rendered":"http:\/\/wpdemo.archiwp.com\/onum\/?page_id=753"},"modified":"2024-07-04T16:39:56","modified_gmt":"2024-07-04T16:39:56","slug":"about","status":"publish","type":"page","link":"https:\/\/sanaa.hn\/index.php\/about\/","title":{"rendered":"Nosotros"},"content":{"rendered":"\t\t<div data-elementor-type=\"wp-page\" data-elementor-id=\"753\" class=\"elementor elementor-753\" data-elementor-post-type=\"page\">\n\t\t\t\t\t\t<section class=\"elementor-section elementor-top-section elementor-element elementor-element-588df14 elementor-section-content-middle elementor-section-boxed elementor-section-height-default elementor-section-height-default\" data-id=\"588df14\" data-element_type=\"section\">\n\t\t\t\t\t\t<div class=\"elementor-container elementor-column-gap-extended\">\n\t\t\t\t\t<div class=\"elementor-column elementor-col-50 elementor-top-column elementor-element elementor-element-de195c6 ot-flex-column-vertical\" data-id=\"de195c6\" data-element_type=\"column\">\n\t\t\t<div class=\"elementor-widget-wrap elementor-element-populated\">\n\t\t\t\t\t\t<div class=\"elementor-element elementor-element-7e57f00 elementor-widget elementor-widget-image\" data-id=\"7e57f00\" data-element_type=\"widget\" data-widget_type=\"image.default\">\n\t\t\t\t<div class=\"elementor-widget-container\">\n\t\t\t\t\t\t\t\t\t\t\t\t\t\t\t<img fetchpriority=\"high\" decoding=\"async\" width=\"596\" height=\"647\" src=\"https:\/\/sanaa.hn\/wp-content\/uploads\/2023\/05\/about-H.png\" class=\"attachment-full size-full wp-image-4810\" alt=\"\" srcset=\"https:\/\/sanaa.hn\/wp-content\/uploads\/2023\/05\/about-H.png 596w, https:\/\/sanaa.hn\/wp-content\/uploads\/2023\/05\/about-H-276x300.png 276w\" sizes=\"(max-width: 596px) 100vw, 596px\" \/>\t\t\t\t\t\t\t\t\t\t\t\t\t\t\t<\/div>\n\t\t\t\t<\/div>\n\t\t\t\t\t<\/div>\n\t\t<\/div>\n\t\t\t\t<div class=\"elementor-column elementor-col-50 elementor-top-column elementor-element elementor-element-233b0d2 ot-flex-column-vertical\" data-id=\"233b0d2\" data-element_type=\"column\">\n\t\t\t<div class=\"elementor-widget-wrap elementor-element-populated\">\n\t\t\t\t\t\t<div class=\"elementor-element elementor-element-fe5bc85 elementor-widget elementor-widget-iheading\" data-id=\"fe5bc85\" data-element_type=\"widget\" data-widget_type=\"iheading.default\">\n\t\t\t\t<div class=\"elementor-widget-container\">\n\t\t\t\t\t\t\t<div class=\"ot-heading -align\">\r\n\t\t\t\r\n\t\t\t\t\r\n\r\n\t         \r\n\r\n\t        \t        \t<h2 class=\"main-heading\">Historia<\/h2>\r\n\t        \t    <\/div>\r\n\t    \t\t\t\t<\/div>\n\t\t\t\t<\/div>\n\t\t\t\t<div class=\"elementor-element elementor-element-e6e8b3f elementor-widget elementor-widget-text-editor\" data-id=\"e6e8b3f\" data-element_type=\"widget\" data-widget_type=\"text-editor.default\">\n\t\t\t\t<div class=\"elementor-widget-container\">\n\t\t\t\t\t\t\t\t\t<p>El SERVICIO AUT\u00d3NOMO NACIONAL DE ACUEDUCTOS Y ALCANTARILLADOS &#8220;SANAA&#8221;, Instituci\u00f3n del Estado creada por Decreto Legislativo N\u00b0 91 del 26 de Abril de 1961 y publicado en el \u00d3rgano Oficial &#8221; La Gaceta&#8221; con fecha martes 23 de Mayo de 1961 con el numero 17,382. Organismo creado para Normalizar, Dise\u00f1ar, Construir y Supervisar Sistemas de Agua Potable y Alcantarillado Sanitario en la Rep\u00fablica de Honduras, dependiente del Ministerio de Salud P\u00fablica; siendo el Organismo Estatal que regula y controla lo referente a agua y saneamiento haciendo que se cumplan las normas de calidad en todos los aspectos que al tema se refieren.<\/p>\t\t\t\t\t\t\t\t<\/div>\n\t\t\t\t<\/div>\n\t\t\t\t<div class=\"elementor-element elementor-element-4349c97 elementor-widget elementor-widget-ivideopopup\" data-id=\"4349c97\" data-element_type=\"widget\" data-widget_type=\"ivideopopup.default\">\n\t\t\t\t<div class=\"elementor-widget-container\">\n\t\t\t\t\t\t\t<div class=\"video-popup\">\r\n\t\t\t<div class=\"btn-inner\">\r\n\t\t        <a class=\"btn-play\" href=\"https:\/\/www.youtube.com\/watch?v=FqoovyKHGNE\">\r\n\t\t        \t<i class=\"fas fa-play\"><\/i>\r\n\t\t        \t\t\t        \t<span class=\"circle-1\"><\/span>\r\n\t\t\t\t\t<span class=\"circle-2\"><\/span>\r\n\t\t\t\t\t\t\t        <\/a>\r\n\t        <\/div>\r\n\t        <span>Historia SANAA<\/span>\t    <\/div>\r\n\t    \t\t\t\t<\/div>\n\t\t\t\t<\/div>\n\t\t\t\t\t<\/div>\n\t\t<\/div>\n\t\t\t\t\t<\/div>\n\t\t<\/section>\n\t\t\t\t<section class=\"elementor-section elementor-top-section elementor-element elementor-element-4c86b48 elementor-section-boxed elementor-section-height-default elementor-section-height-default\" data-id=\"4c86b48\" data-element_type=\"section\" data-settings=\"{&quot;background_background&quot;:&quot;classic&quot;,&quot;shape_divider_top&quot;:&quot;waves&quot;,&quot;shape_divider_bottom&quot;:&quot;waves&quot;}\">\n\t\t\t\t\t<div class=\"elementor-shape elementor-shape-top\" data-negative=\"false\">\n\t\t\t<svg xmlns=\"http:\/\/www.w3.org\/2000\/svg\" viewBox=\"0 0 1000 100\" preserveAspectRatio=\"none\">\n\t<path class=\"elementor-shape-fill\" d=\"M421.9,6.5c22.6-2.5,51.5,0.4,75.5,5.3c23.6,4.9,70.9,23.5,100.5,35.7c75.8,32.2,133.7,44.5,192.6,49.7\n\tc23.6,2.1,48.7,3.5,103.4-2.5c54.7-6,106.2-25.6,106.2-25.6V0H0v30.3c0,0,72,32.6,158.4,30.5c39.2-0.7,92.8-6.7,134-22.4\n\tc21.2-8.1,52.2-18.2,79.7-24.2C399.3,7.9,411.6,7.5,421.9,6.5z\"\/>\n<\/svg>\t\t<\/div>\n\t\t\t\t<div class=\"elementor-shape elementor-shape-bottom\" data-negative=\"false\">\n\t\t\t<svg xmlns=\"http:\/\/www.w3.org\/2000\/svg\" viewBox=\"0 0 1000 100\" preserveAspectRatio=\"none\">\n\t<path class=\"elementor-shape-fill\" d=\"M421.9,6.5c22.6-2.5,51.5,0.4,75.5,5.3c23.6,4.9,70.9,23.5,100.5,35.7c75.8,32.2,133.7,44.5,192.6,49.7\n\tc23.6,2.1,48.7,3.5,103.4-2.5c54.7-6,106.2-25.6,106.2-25.6V0H0v30.3c0,0,72,32.6,158.4,30.5c39.2-0.7,92.8-6.7,134-22.4\n\tc21.2-8.1,52.2-18.2,79.7-24.2C399.3,7.9,411.6,7.5,421.9,6.5z\"\/>\n<\/svg>\t\t<\/div>\n\t\t\t\t\t<div class=\"elementor-container elementor-column-gap-extended\">\n\t\t\t\t\t<div class=\"elementor-column elementor-col-50 elementor-top-column elementor-element elementor-element-627a4dc ot-flex-column-vertical\" data-id=\"627a4dc\" data-element_type=\"column\">\n\t\t\t<div class=\"elementor-widget-wrap elementor-element-populated\">\n\t\t\t\t\t\t<div class=\"elementor-element elementor-element-23417ff elementor-widget elementor-widget-iheading\" data-id=\"23417ff\" data-element_type=\"widget\" data-widget_type=\"iheading.default\">\n\t\t\t\t<div class=\"elementor-widget-container\">\n\t\t\t\t\t\t\t<div class=\"ot-heading center-align\">\r\n\t\t\t\r\n\t\t\t\t\r\n\r\n\t        \t            <h6 class=\"sub-heading\"><span>SANAA<\/span><\/h6>\r\n\t         \r\n\r\n\t        \t        \t<h2 class=\"main-heading\">Misi\u00f3n<\/h2>\r\n\t        \t    <\/div>\r\n\t    \t\t\t\t<\/div>\n\t\t\t\t<\/div>\n\t\t\t\t<div class=\"elementor-element elementor-element-8c30e08 elementor-widget elementor-widget-itestimonials\" data-id=\"8c30e08\" data-element_type=\"widget\" data-widget_type=\"itestimonials.default\">\n\t\t\t\t<div class=\"elementor-widget-container\">\n\t\t\t\t\t\t\t<div class=\"row onum-row-flex\">\r\n\t\t\t\t\t\t<div class=\"col-md-12\">\r\n\t\t\t\t<div class=\"ot-testimonials\">\t\r\n\t\t\t\t\t<div class=\"slider__arrows\"><\/div><div class=\"testimonial-wrap \">\t\t\t\t\t\t\r\n\t\t\t\t\t\t<div class=\"testimonial-inner ot-testimonials-slider\"  data-dots=\"false\" data-arrow=\"true\">\r\n\t\t\t\t\t\t\t\t\t\t\t\t\t\t<div>\r\n\t\t\t\t\t\t\t\t\t\t\t\t\t\t        <div class=\"ttext\">\r\n\t\t\t\t\t\t        \tSomos una empresa p\u00fablica que trabajamos con el agua, elemento fundamental para la salud el bienestar y el desarrollo del pueblo hondure\u00f1o.\t\t\t\t\t\t        <\/div>\r\n\t\t\t\t\t\t        <div class=\"tinfo\">\r\n\t\t\t\t\t        \t\t<h6><\/h6>\r\n\t\t\t\t\t        \t\t\t\t\t\t\t        \t<\/div>\r\n\t\t\t\t\t\t\t<\/div>\r\n\t\t\t\t\t\t\t\t\t\t\t\t\t<\/div>\t\r\n\t\t\t        \t<div class=\"bg-block\"><\/div>\t\t\t\t\t    \r\n\t\t\t\t\t<\/div>\t\t\t\t\t\r\n\t\t\t    <\/div>\r\n\t\t\t<\/div>\t\t\t\r\n\t\t<\/div>\r\n\t    \t\t\t\t<\/div>\n\t\t\t\t<\/div>\n\t\t\t\t\t<\/div>\n\t\t<\/div>\n\t\t\t\t<div class=\"elementor-column elementor-col-50 elementor-top-column elementor-element elementor-element-c8846a7 ot-flex-column-vertical\" data-id=\"c8846a7\" data-element_type=\"column\">\n\t\t\t<div class=\"elementor-widget-wrap elementor-element-populated\">\n\t\t\t\t\t\t<div class=\"elementor-element elementor-element-6ba4d4d elementor-widget elementor-widget-iheading\" data-id=\"6ba4d4d\" data-element_type=\"widget\" data-widget_type=\"iheading.default\">\n\t\t\t\t<div class=\"elementor-widget-container\">\n\t\t\t\t\t\t\t<div class=\"ot-heading center-align\">\r\n\t\t\t\r\n\t\t\t\t\r\n\r\n\t        \t            <h6 class=\"sub-heading\"><span>SANAA<\/span><\/h6>\r\n\t         \r\n\r\n\t        \t        \t<h2 class=\"main-heading\">Visi\u00f3n<\/h2>\r\n\t        \t    <\/div>\r\n\t    \t\t\t\t<\/div>\n\t\t\t\t<\/div>\n\t\t\t\t<div class=\"elementor-element elementor-element-7ebe29b elementor-widget elementor-widget-itestimonials\" data-id=\"7ebe29b\" data-element_type=\"widget\" data-widget_type=\"itestimonials.default\">\n\t\t\t\t<div class=\"elementor-widget-container\">\n\t\t\t\t\t\t\t<div class=\"row onum-row-flex\">\r\n\t\t\t\t\t\t<div class=\"col-md-12\">\r\n\t\t\t\t<div class=\"ot-testimonials\">\t\r\n\t\t\t\t\t<div class=\"slider__arrows\"><\/div><div class=\"testimonial-wrap \">\t\t\t\t\t\t\r\n\t\t\t\t\t\t<div class=\"testimonial-inner ot-testimonials-slider\"  data-dots=\"false\" data-arrow=\"true\">\r\n\t\t\t\t\t\t\t\t\t\t\t\t\t\t<div>\r\n\t\t\t\t\t\t\t\t\t\t\t\t\t\t        <div class=\"ttext\">\r\n\t\t\t\t\t\t        \tSer una instituci\u00f3n l\u00edder, altamente calificada con solidez financiera y un elevado compromiso hacia el sector; que presta servicios de asistencia para la obtenci\u00f3n de calidad en Agua potable y Saneamiento, en armon\u00eda con el ambiente en las Comunidades del pais.\t\t\t\t\t\t        <\/div>\r\n\t\t\t\t\t\t        <div class=\"tinfo\">\r\n\t\t\t\t\t        \t\t<h6><\/h6>\r\n\t\t\t\t\t        \t\t\t\t\t\t\t        \t<\/div>\r\n\t\t\t\t\t\t\t<\/div>\r\n\t\t\t\t\t\t\t\t\t\t\t\t\t<\/div>\t\r\n\t\t\t        \t<div class=\"bg-block\"><\/div>\t\t\t\t\t    \r\n\t\t\t\t\t<\/div>\t\t\t\t\t\r\n\t\t\t    <\/div>\r\n\t\t\t<\/div>\t\t\t\r\n\t\t<\/div>\r\n\t    \t\t\t\t<\/div>\n\t\t\t\t<\/div>\n\t\t\t\t\t<\/div>\n\t\t<\/div>\n\t\t\t\t\t<\/div>\n\t\t<\/section>\n\t\t\t\t<\/div>\n\t\t","protected":false},"excerpt":{"rendered":"<p>Historia El SERVICIO AUT\u00d3NOMO NACIONAL DE ACUEDUCTOS Y ALCANTARILLADOS &#8220;SANAA&#8221;, Instituci\u00f3n del Estado creada por Decreto Legislativo N\u00b0 91 del 26 de Abril de 1961 y publicado en el \u00d3rgano Oficial &#8221; La Gaceta&#8221; con fecha martes 23 de Mayo de 1961 con el numero 17,382. Organismo creado para Normalizar, Dise\u00f1ar, Construir y Supervisar Sistemas [&hellip;]<\/p>\n","protected":false},"author":1,"featured_media":0,"parent":0,"menu_order":0,"comment_status":"closed","ping_status":"closed","template":"","meta":{"_eb_attr":"","footnotes":""},"class_list":["post-753","page","type-page","status-publish","hentry"],"_links":{"self":[{"href":"https:\/\/sanaa.hn\/index.php\/wp-json\/wp\/v2\/pages\/753","targetHints":{"allow":["GET"]}}],"collection":[{"href":"https:\/\/sanaa.hn\/index.php\/wp-json\/wp\/v2\/pages"}],"about":[{"href":"https:\/\/sanaa.hn\/index.php\/wp-json\/wp\/v2\/types\/page"}],"author":[{"embeddable":true,"href":"https:\/\/sanaa.hn\/index.php\/wp-json\/wp\/v2\/users\/1"}],"replies":[{"embeddable":true,"href":"https:\/\/sanaa.hn\/index.php\/wp-json\/wp\/v2\/comments?post=753"}],"version-history":[{"count":73,"href":"https:\/\/sanaa.hn\/index.php\/wp-json\/wp\/v2\/pages\/753\/revisions"}],"predecessor-version":[{"id":5443,"href":"https:\/\/sanaa.hn\/index.php\/wp-json\/wp\/v2\/pages\/753\/revisions\/5443"}],"wp:attachment":[{"href":"https:\/\/sanaa.hn\/index.php\/wp-json\/wp\/v2\/media?parent=753"}],"curies":[{"name":"wp","href":"https:\/\/api.w.org\/{rel}","templated":true}]}}