{"id":5596,"date":"2024-07-30T20:44:58","date_gmt":"2024-07-30T20:44:58","guid":{"rendered":"http:\/\/sanaa.hn\/?page_id=5596"},"modified":"2025-03-20T17:52:22","modified_gmt":"2025-03-20T17:52:22","slug":"comite-de-probidad-y-etica-publica","status":"publish","type":"page","link":"https:\/\/sanaa.hn\/index.php\/comite-de-probidad-y-etica-publica\/","title":{"rendered":"Comit\u00e9 de Probidad y \u00c9tica P\u00fablica"},"content":{"rendered":"\n<div class=\"wp-block-essential-blocks-row alignfull  root-eb-row-o03nd\"><div class=\"eb-parent-wrapper eb-parent-eb-row-o03nd \"><div class=\"eb-row-root-container eb-row-o03nd\" data-id=\"eb-row-o03nd\"><div class=\"eb-row-wrapper\"><div class=\"eb-row-inner\">\n<div class=\"wp-block-essential-blocks-column  root-eb-column-063qe\"><div class=\"eb-parent-wrapper eb-parent-eb-column-063qe \"><div class=\"eb-column-wrapper eb-column-063qe\"><div class=\"eb-column-inner\">\n<h1 class=\"wp-block-heading\"><strong>COMIT\u00c9 DE PROBIDAD Y \u00c9TICA P\u00daBLICA DEL SANAA<\/strong><\/h1>\n\n\n\n<hr class=\"wp-block-separator has-alpha-channel-opacity\"\/>\n\n\n\n<h2 class=\"wp-block-heading\"><strong>\u00bfQu\u00e9 es el Comit\u00e9 de Probidad y \u00c9tica?<\/strong><\/h2>\n\n\n\n<p>El Comit\u00e9 de Probidad y \u00c9tica P\u00fablica del SANAA es un \u00f3rgano colegiado integrado por cinco servidores p\u00fablicos, elegidos democr\u00e1ticamente por un per\u00edodo de dos a\u00f1os, su funci\u00f3n principal es promover y supervisar el cumplimiento de los principios y normas de conducta \u00e9tica dentro de la instituci\u00f3n, garantizando la transparencia, la integridad y la rendici\u00f3n de cuentas en el ejercicio de la funci\u00f3n p\u00fablica.<\/p>\n\n\n\n<h2 class=\"wp-block-heading\"><strong>\u00bfQu\u00e9 es el Comit\u00e9 Adjunto?<\/strong><\/h2>\n\n\n\n<p>El Comit\u00e9 Adjunto es un equipo de apoyo t\u00e9cnico y operativo que asiste al Comit\u00e9 de Probidad y \u00c9tica en el desarrollo de sus funciones, est\u00e1 conformado por funcionarios de la instituci\u00f3n, designados directamente por la Autoridad Nombradora, y tiene la responsabilidad de facilitar la implementaci\u00f3n de estrategias, planes de acci\u00f3n y actividades que refuercen la cultura \u00e9tica dentro del SANAA.<\/p>\n\n\n\n<h2 class=\"wp-block-heading\"><strong>MISI\u00d3N<\/strong><\/h2>\n\n\n\n<p>Fomentar y consolidar una cultura organizacional basada en principios \u00e9ticos y valores institucionales, promoviendo la transparencia, la responsabilidad y la prevenci\u00f3n de actos de corrupci\u00f3n, con el fin de fortalecer la confianza ciudadana en la gesti\u00f3n p\u00fablica del SANAA.<\/p>\n\n\n\n<h2 class=\"wp-block-heading\"><strong>VISI\u00d3N<\/strong><\/h2>\n\n\n\n<p>Ser un referente institucional en la promoci\u00f3n de la \u00e9tica y la probidad dentro del sector p\u00fablico, consolidando una cultura organizacional fundamentada en la transparencia, el cumplimiento normativo y la gesti\u00f3n eficiente de los recursos, contribuyendo as\u00ed al desarrollo sostenible y al bienestar social.<\/p>\n\n\n\n<h2 class=\"wp-block-heading\"><strong>OBJETIVO GENERAL<\/strong><\/h2>\n\n\n\n<p>Implementar mecanismos efectivos para fortalecer la conducta \u00e9tica en el desempe\u00f1o de la funci\u00f3n p\u00fablica dentro del SANAA, garantizando un ambiente laboral basado en el respeto, la equidad y la responsabilidad, en concordancia con el marco normativo vigente.<\/p>\n\n\n\n<h2 class=\"wp-block-heading\"><strong>OBJETIVOS ESTRAT\u00c9GICOS<\/strong><\/h2>\n\n\n\n<ol class=\"wp-block-list\">\n<li><strong>Fomentar la \u00e9tica institucional<\/strong> mediante programas de sensibilizaci\u00f3n y capacitaci\u00f3n dirigidos a los servidores p\u00fablicos del SANAA, promoviendo una cultura organizacional basada en la integridad y el respeto a las normativas vigentes.<\/li>\n\n\n\n<li><strong>Establecer mecanismos de prevenci\u00f3n y control<\/strong> para identificar y mitigar riesgos de conductas contrarias a la \u00e9tica p\u00fablica, asegurando el cumplimiento de los principios de transparencia, legalidad y responsabilidad.<\/li>\n\n\n\n<li><strong>Fortalecer alianzas estrat\u00e9gicas<\/strong> con dependencias internas y externas para la implementaci\u00f3n de mejores pr\u00e1cticas en materia de probidad y \u00e9tica en la gesti\u00f3n p\u00fablica.<\/li>\n\n\n\n<li><strong>Desarrollar campa\u00f1as de concientizaci\u00f3n y difusi\u00f3n<\/strong> de los valores \u00e9ticos institucionales, tanto a nivel interno como externo, fomentando la participaci\u00f3n activa de los servidores p\u00fablicos en la construcci\u00f3n de un entorno laboral \u00edntegro.<\/li>\n\n\n\n<li><strong>Promover el fortalecimiento de las relaciones interpersonales<\/strong> dentro de la instituci\u00f3n, basadas en el respeto, la comunicaci\u00f3n efectiva y el trabajo en equipo, contribuyendo al desarrollo de un ambiente organizacional armonioso y productivo.<\/li>\n<\/ol>\n<\/div><\/div><\/div><\/div>\n<\/div><\/div><\/div><\/div><\/div>\n\n\n\n<div class=\"wp-block-essential-blocks-row alignfull  root-eb-row-2ims4\"><div class=\"eb-parent-wrapper eb-parent-eb-row-2ims4 \"><div class=\"eb-row-root-container eb-row-2ims4\" data-id=\"eb-row-2ims4\"><div class=\"eb-row-wrapper\"><div class=\"eb-row-inner\">\n<div class=\"wp-block-essential-blocks-column  root-eb-column-4uwt2\"><div class=\"eb-parent-wrapper eb-parent-eb-column-4uwt2 \"><div class=\"eb-column-wrapper eb-column-4uwt2\"><div class=\"eb-column-inner\">\n<div class=\"wp-block-essential-blocks-advanced-heading  root-eb-advance-heading-8a0lu\"><div class=\"eb-parent-wrapper eb-parent-eb-advance-heading-8a0lu \"><div class=\"eb-advance-heading-wrapper eb-advance-heading-8a0lu button-1\" data-id=\"eb-advance-heading-8a0lu\"><h2 class=\"eb-ah-title\">BOLETIN INFORMATIVO<\/h2><\/div><\/div><\/div>\n<\/div><\/div><\/div><\/div>\n<\/div><\/div><\/div><\/div><\/div>\n\n\n\n<div class=\"wp-block-columns is-layout-flex wp-container-core-columns-is-layout-9d6595d7 wp-block-columns-is-layout-flex\">\n<div class=\"wp-block-column is-layout-flow wp-block-column-is-layout-flow\" style=\"flex-basis:100%\">\n<div class=\"wp-block-essential-blocks-row alignfull  root-eb-row-0duox\"><div class=\"eb-parent-wrapper eb-parent-eb-row-0duox \"><div class=\"eb-row-root-container eb-row-0duox\" data-id=\"eb-row-0duox\"><div class=\"eb-row-wrapper\"><div class=\"eb-row-inner\">\n<div class=\"wp-block-essential-blocks-column  root-eb-column-jxp5f\"><div class=\"eb-parent-wrapper eb-parent-eb-column-jxp5f \"><div class=\"eb-column-wrapper eb-column-jxp5f\"><div class=\"eb-column-inner\">\n<div class=\"wp-block-group is-nowrap is-layout-flex wp-container-core-group-is-layout-ad2f72ca wp-block-group-is-layout-flex\">\n<div data-wp-interactive=\"core\/file\" class=\"wp-block-file\"><object data-wp-bind--hidden=\"!state.hasPdfPreview\" hidden class=\"wp-block-file__embed\" data=\"https:\/\/sanaa.hn\/wp-content\/uploads\/2025\/03\/Acta-de-Juramentacion-CPEP-1.pdf\" type=\"application\/pdf\" style=\"width:100%;height:600px\" aria-label=\"Incrustado de Acta-de-Juramentacion-CPEP.\"><\/object><a id=\"wp-block-file--media-17ca891e-9a85-4e9d-b4d3-c0eac63cbf38\" href=\"https:\/\/sanaa.hn\/wp-content\/uploads\/2025\/03\/Acta-de-Juramentacion-CPEP-1.pdf\">Acta-de-Juramentacion-CPEP<\/a><a href=\"https:\/\/sanaa.hn\/wp-content\/uploads\/2025\/03\/Acta-de-Juramentacion-CPEP-1.pdf\" class=\"wp-block-file__button wp-element-button\" download aria-describedby=\"wp-block-file--media-17ca891e-9a85-4e9d-b4d3-c0eac63cbf38\">Descargar<\/a><\/div>\n\n\n\n<hr class=\"wp-block-separator has-alpha-channel-opacity\"\/>\n<\/div>\n<\/div><\/div><\/div><\/div>\n\n\n\n<div class=\"wp-block-essential-blocks-column  root-eb-column-tgt77\"><div class=\"eb-parent-wrapper eb-parent-eb-column-tgt77 \"><div class=\"eb-column-wrapper eb-column-tgt77\"><div class=\"eb-column-inner\">\n<div data-wp-interactive=\"core\/file\" class=\"wp-block-file\"><object data-wp-bind--hidden=\"!state.hasPdfPreview\" hidden class=\"wp-block-file__embed\" data=\"https:\/\/sanaa.hn\/wp-content\/uploads\/2025\/03\/cpep-BI-1.pdf\" type=\"application\/pdf\" style=\"width:100%;height:600px\" aria-label=\"Incrustado de cpep-BI.\"><\/object><a id=\"wp-block-file--media-5f96912b-c260-44f9-aa40-6c4e34852c11\" href=\"https:\/\/sanaa.hn\/wp-content\/uploads\/2025\/03\/cpep-BI-1.pdf\">cpep-BI<\/a><a href=\"https:\/\/sanaa.hn\/wp-content\/uploads\/2025\/03\/cpep-BI-1.pdf\" class=\"wp-block-file__button wp-element-button\" download aria-describedby=\"wp-block-file--media-5f96912b-c260-44f9-aa40-6c4e34852c11\">Descargar<\/a><\/div>\n<\/div><\/div><\/div><\/div>\n<\/div><\/div><\/div><\/div><\/div>\n<\/div>\n<\/div>\n\n\n\n<div class=\"wp-block-essential-blocks-row alignfull  root-eb-row-ioqdf\"><div class=\"eb-parent-wrapper eb-parent-eb-row-ioqdf \"><div class=\"eb-row-root-container eb-row-ioqdf\" data-id=\"eb-row-ioqdf\"><div class=\"eb-row-wrapper\"><div class=\"eb-row-inner\"><\/div><\/div><\/div><\/div><\/div>\n\n\n\n<div class=\"wp-block-essential-blocks-row alignfull  root-eb-row-tzfr5\"><div class=\"eb-parent-wrapper eb-parent-eb-row-tzfr5 \"><div class=\"eb-row-root-container eb-row-tzfr5\" data-id=\"eb-row-tzfr5\"><div class=\"eb-row-wrapper\"><div class=\"eb-row-inner\"><\/div><\/div><\/div><\/div><\/div>\n","protected":false},"excerpt":{"rendered":"","protected":false},"author":1,"featured_media":0,"parent":0,"menu_order":0,"comment_status":"closed","ping_status":"closed","template":"","meta":{"_eb_attr":"","footnotes":""},"class_list":["post-5596","page","type-page","status-publish","hentry"],"_links":{"self":[{"href":"https:\/\/sanaa.hn\/index.php\/wp-json\/wp\/v2\/pages\/5596","targetHints":{"allow":["GET"]}}],"collection":[{"href":"https:\/\/sanaa.hn\/index.php\/wp-json\/wp\/v2\/pages"}],"about":[{"href":"https:\/\/sanaa.hn\/index.php\/wp-json\/wp\/v2\/types\/page"}],"author":[{"embeddable":true,"href":"https:\/\/sanaa.hn\/index.php\/wp-json\/wp\/v2\/users\/1"}],"replies":[{"embeddable":true,"href":"https:\/\/sanaa.hn\/index.php\/wp-json\/wp\/v2\/comments?post=5596"}],"version-history":[{"count":15,"href":"https:\/\/sanaa.hn\/index.php\/wp-json\/wp\/v2\/pages\/5596\/revisions"}],"predecessor-version":[{"id":7033,"href":"https:\/\/sanaa.hn\/index.php\/wp-json\/wp\/v2\/pages\/5596\/revisions\/7033"}],"wp:attachment":[{"href":"https:\/\/sanaa.hn\/index.php\/wp-json\/wp\/v2\/media?parent=5596"}],"curies":[{"name":"wp","href":"https:\/\/api.w.org\/{rel}","templated":true}]}}