{"id":5047,"date":"2023-11-27T19:57:29","date_gmt":"2023-11-27T19:57:29","guid":{"rendered":"http:\/\/sanaa.test\/?page_id=5047"},"modified":"2023-11-27T20:30:34","modified_gmt":"2023-11-27T20:30:34","slug":"mision-y-vision","status":"publish","type":"page","link":"https:\/\/sanaa.hn\/index.php\/mision-y-vision\/","title":{"rendered":"Misi\u00f3n y Visi\u00f3n"},"content":{"rendered":"\t\t<div data-elementor-type=\"wp-page\" data-elementor-id=\"5047\" class=\"elementor elementor-5047\" data-elementor-post-type=\"page\">\n\t\t\t\t\t\t<section class=\"elementor-section elementor-top-section elementor-element elementor-element-9174bef elementor-section-boxed elementor-section-height-default elementor-section-height-default\" data-id=\"9174bef\" data-element_type=\"section\" data-settings=\"{&quot;background_background&quot;:&quot;classic&quot;,&quot;shape_divider_top&quot;:&quot;waves&quot;,&quot;shape_divider_bottom&quot;:&quot;waves&quot;}\">\n\t\t\t\t\t<div class=\"elementor-shape elementor-shape-top\" data-negative=\"false\">\n\t\t\t<svg xmlns=\"http:\/\/www.w3.org\/2000\/svg\" viewBox=\"0 0 1000 100\" preserveAspectRatio=\"none\">\n\t<path class=\"elementor-shape-fill\" d=\"M421.9,6.5c22.6-2.5,51.5,0.4,75.5,5.3c23.6,4.9,70.9,23.5,100.5,35.7c75.8,32.2,133.7,44.5,192.6,49.7\n\tc23.6,2.1,48.7,3.5,103.4-2.5c54.7-6,106.2-25.6,106.2-25.6V0H0v30.3c0,0,72,32.6,158.4,30.5c39.2-0.7,92.8-6.7,134-22.4\n\tc21.2-8.1,52.2-18.2,79.7-24.2C399.3,7.9,411.6,7.5,421.9,6.5z\"\/>\n<\/svg>\t\t<\/div>\n\t\t\t\t<div class=\"elementor-shape elementor-shape-bottom\" data-negative=\"false\">\n\t\t\t<svg xmlns=\"http:\/\/www.w3.org\/2000\/svg\" viewBox=\"0 0 1000 100\" preserveAspectRatio=\"none\">\n\t<path class=\"elementor-shape-fill\" d=\"M421.9,6.5c22.6-2.5,51.5,0.4,75.5,5.3c23.6,4.9,70.9,23.5,100.5,35.7c75.8,32.2,133.7,44.5,192.6,49.7\n\tc23.6,2.1,48.7,3.5,103.4-2.5c54.7-6,106.2-25.6,106.2-25.6V0H0v30.3c0,0,72,32.6,158.4,30.5c39.2-0.7,92.8-6.7,134-22.4\n\tc21.2-8.1,52.2-18.2,79.7-24.2C399.3,7.9,411.6,7.5,421.9,6.5z\"\/>\n<\/svg>\t\t<\/div>\n\t\t\t\t\t<div class=\"elementor-container elementor-column-gap-extended\">\n\t\t\t\t\t<div class=\"elementor-column elementor-col-50 elementor-top-column elementor-element elementor-element-a050d52 ot-flex-column-vertical\" data-id=\"a050d52\" data-element_type=\"column\">\n\t\t\t<div class=\"elementor-widget-wrap elementor-element-populated\">\n\t\t\t\t\t\t<div class=\"elementor-element elementor-element-81a37d6 elementor-widget elementor-widget-iheading\" data-id=\"81a37d6\" data-element_type=\"widget\" data-widget_type=\"iheading.default\">\n\t\t\t\t<div class=\"elementor-widget-container\">\n\t\t\t\t\t\t\t<div class=\"ot-heading center-align\">\r\n\t\t\t\r\n\t\t\t\t\r\n\r\n\t        \t            <h6 class=\"sub-heading\"><span>SANAA<\/span><\/h6>\r\n\t         \r\n\r\n\t        \t        \t<h2 class=\"main-heading\">Misi\u00f3n<\/h2>\r\n\t        \t    <\/div>\r\n\t    \t\t\t\t<\/div>\n\t\t\t\t<\/div>\n\t\t\t\t<div class=\"elementor-element elementor-element-b344112 elementor-widget elementor-widget-itestimonials\" data-id=\"b344112\" data-element_type=\"widget\" data-widget_type=\"itestimonials.default\">\n\t\t\t\t<div class=\"elementor-widget-container\">\n\t\t\t\t\t\t\t<div class=\"row onum-row-flex\">\r\n\t\t\t\t\t\t<div class=\"col-md-12\">\r\n\t\t\t\t<div class=\"ot-testimonials\">\t\r\n\t\t\t\t\t<div class=\"slider__arrows\"><\/div><div class=\"testimonial-wrap \">\t\t\t\t\t\t\r\n\t\t\t\t\t\t<div class=\"testimonial-inner ot-testimonials-slider\"  data-dots=\"false\" data-arrow=\"true\">\r\n\t\t\t\t\t\t\t\t\t\t\t\t\t\t<div>\r\n\t\t\t\t\t\t\t\t\t\t\t\t\t\t        <div class=\"ttext\">\r\n\t\t\t\t\t\t        \tSomos una empresa p\u00fablica que trabajamos con el agua, elemento fundamental para la salud el bienestar y el desarrollo del pueblo hondure\u00f1o.\t\t\t\t\t\t        <\/div>\r\n\t\t\t\t\t\t        <div class=\"tinfo\">\r\n\t\t\t\t\t        \t\t<h6><\/h6>\r\n\t\t\t\t\t        \t\t\t\t\t\t\t        \t<\/div>\r\n\t\t\t\t\t\t\t<\/div>\r\n\t\t\t\t\t\t\t\t\t\t\t\t\t<\/div>\t\r\n\t\t\t        \t<div class=\"bg-block\"><\/div>\t\t\t\t\t    \r\n\t\t\t\t\t<\/div>\t\t\t\t\t\r\n\t\t\t    <\/div>\r\n\t\t\t<\/div>\t\t\t\r\n\t\t<\/div>\r\n\t    \t\t\t\t<\/div>\n\t\t\t\t<\/div>\n\t\t\t\t\t<\/div>\n\t\t<\/div>\n\t\t\t\t<div class=\"elementor-column elementor-col-50 elementor-top-column elementor-element elementor-element-162a964 ot-flex-column-vertical\" data-id=\"162a964\" data-element_type=\"column\">\n\t\t\t<div class=\"elementor-widget-wrap elementor-element-populated\">\n\t\t\t\t\t\t<div class=\"elementor-element elementor-element-9a9fba7 elementor-widget elementor-widget-iheading\" data-id=\"9a9fba7\" data-element_type=\"widget\" data-widget_type=\"iheading.default\">\n\t\t\t\t<div class=\"elementor-widget-container\">\n\t\t\t\t\t\t\t<div class=\"ot-heading center-align\">\r\n\t\t\t\r\n\t\t\t\t\r\n\r\n\t        \t            <h6 class=\"sub-heading\"><span>SANAA<\/span><\/h6>\r\n\t         \r\n\r\n\t        \t        \t<h2 class=\"main-heading\">Visi\u00f3n<\/h2>\r\n\t        \t    <\/div>\r\n\t    \t\t\t\t<\/div>\n\t\t\t\t<\/div>\n\t\t\t\t<div class=\"elementor-element elementor-element-3ab7436 elementor-widget elementor-widget-itestimonials\" data-id=\"3ab7436\" data-element_type=\"widget\" data-widget_type=\"itestimonials.default\">\n\t\t\t\t<div class=\"elementor-widget-container\">\n\t\t\t\t\t\t\t<div class=\"row onum-row-flex\">\r\n\t\t\t\t\t\t<div class=\"col-md-12\">\r\n\t\t\t\t<div class=\"ot-testimonials\">\t\r\n\t\t\t\t\t<div class=\"slider__arrows\"><\/div><div class=\"testimonial-wrap \">\t\t\t\t\t\t\r\n\t\t\t\t\t\t<div class=\"testimonial-inner ot-testimonials-slider\"  data-dots=\"false\" data-arrow=\"true\">\r\n\t\t\t\t\t\t\t\t\t\t\t\t\t\t<div>\r\n\t\t\t\t\t\t\t\t\t\t\t\t\t\t        <div class=\"ttext\">\r\n\t\t\t\t\t\t        \tSer una instituci\u00f3n l\u00edder, altamente calificada con solidez financiera y un elevado compromiso hacia el sector; que presta servicios de asistencia para la obtenci\u00f3n de calidad en Agua potable y Saneamiento, en armon\u00eda con el ambiente en las Comunidades del pais.\t\t\t\t\t\t        <\/div>\r\n\t\t\t\t\t\t        <div class=\"tinfo\">\r\n\t\t\t\t\t        \t\t<h6><\/h6>\r\n\t\t\t\t\t        \t\t\t\t\t\t\t        \t<\/div>\r\n\t\t\t\t\t\t\t<\/div>\r\n\t\t\t\t\t\t\t\t\t\t\t\t\t<\/div>\t\r\n\t\t\t        \t<div class=\"bg-block\"><\/div>\t\t\t\t\t    \r\n\t\t\t\t\t<\/div>\t\t\t\t\t\r\n\t\t\t    <\/div>\r\n\t\t\t<\/div>\t\t\t\r\n\t\t<\/div>\r\n\t    \t\t\t\t<\/div>\n\t\t\t\t<\/div>\n\t\t\t\t\t<\/div>\n\t\t<\/div>\n\t\t\t\t\t<\/div>\n\t\t<\/section>\n\t\t\t\t<section class=\"elementor-section elementor-top-section elementor-element elementor-element-17f03ca elementor-section-boxed elementor-section-height-default elementor-section-height-default\" data-id=\"17f03ca\" data-element_type=\"section\">\n\t\t\t\t\t\t<div class=\"elementor-container elementor-column-gap-default\">\n\t\t\t\t\t<div class=\"elementor-column elementor-col-100 elementor-top-column elementor-element elementor-element-657428e ot-flex-column-vertical\" data-id=\"657428e\" data-element_type=\"column\">\n\t\t\t<div class=\"elementor-widget-wrap elementor-element-populated\">\n\t\t\t\t\t\t<div class=\"elementor-element elementor-element-34e74a8 elementor-widget elementor-widget-text-editor\" data-id=\"34e74a8\" data-element_type=\"widget\" data-widget_type=\"text-editor.default\">\n\t\t\t\t<div class=\"elementor-widget-container\">\n\t\t\t\t\t\t\t\t\t<h1 class=\"dt-sc-lightweight no-bottom-margin\">PARA NOSOTROS ES MUY IMPORTANTE\u00a0<strong>SU OPINI\u00d3N<\/strong><\/h1><div class=\"wpb_text_column wpb_content_element \"><div class=\"wpb_wrapper\"><div class=\"wpb_column vc_column_container vc_col-sm-9\"><div class=\"vc_column-inner \"><div class=\"wpb_wrapper\"><div class=\"wpb_text_column wpb_content_element \"><div class=\"wpb_wrapper\"><p>Nos gustar\u00eda saber su opini\u00f3n, por favor cont\u00e1ctenos mediante nuestro formulario de contacto.<\/p><\/div><\/div><\/div><\/div><\/div><\/div><\/div>\t\t\t\t\t\t\t\t<\/div>\n\t\t\t\t<\/div>\n\t\t\t\t<div class=\"elementor-element elementor-element-a8fcd7f elementor-widget elementor-widget-button\" data-id=\"a8fcd7f\" data-element_type=\"widget\" data-widget_type=\"button.default\">\n\t\t\t\t<div class=\"elementor-widget-container\">\n\t\t\t\t\t\t\t\t\t<div class=\"elementor-button-wrapper\">\n\t\t\t\t\t<a class=\"elementor-button elementor-button-link elementor-size-sm\" href=\"http:\/\/sanaa.test\/contacto\/\">\n\t\t\t\t\t\t<span class=\"elementor-button-content-wrapper\">\n\t\t\t\t\t\t<span class=\"elementor-button-icon\">\n\t\t\t\t<svg xmlns=\"http:\/\/www.w3.org\/2000\/svg\" xmlns:xlink=\"http:\/\/www.w3.org\/1999\/xlink\" id=\"Capa_1\" x=\"0px\" y=\"0px\" viewBox=\"0 0 511.626 511.626\" style=\"enable-background:new 0 0 511.626 511.626;\" xml:space=\"preserve\"><g>\t<path d=\"M49.106,178.729c6.472,4.567,25.981,18.131,58.528,40.685c32.548,22.554,57.482,39.92,74.803,52.099  c1.903,1.335,5.946,4.237,12.131,8.71c6.186,4.476,11.326,8.093,15.416,10.852c4.093,2.758,9.041,5.852,14.849,9.277  c5.806,3.422,11.279,5.996,16.418,7.7c5.14,1.718,9.898,2.569,14.275,2.569h0.287h0.288c4.377,0,9.137-0.852,14.277-2.569  c5.137-1.704,10.615-4.281,16.416-7.7c5.804-3.429,10.752-6.52,14.845-9.277c4.093-2.759,9.229-6.376,15.417-10.852  c6.184-4.477,10.232-7.375,12.135-8.71c17.508-12.179,62.051-43.11,133.615-92.79c13.894-9.703,25.502-21.411,34.827-35.116  c9.332-13.699,13.993-28.07,13.993-43.105c0-12.564-4.523-23.319-13.565-32.264c-9.041-8.947-19.749-13.418-32.117-13.418H45.679  c-14.655,0-25.933,4.948-33.832,14.844C3.949,79.562,0,91.934,0,106.779c0,11.991,5.236,24.985,15.703,38.974  C26.169,159.743,37.307,170.736,49.106,178.729z\"><\/path>\t<path d=\"M483.072,209.275c-62.424,42.251-109.824,75.087-142.177,98.501c-10.849,7.991-19.65,14.229-26.409,18.699  c-6.759,4.473-15.748,9.041-26.98,13.702c-11.228,4.668-21.692,6.995-31.401,6.995h-0.291h-0.287  c-9.707,0-20.177-2.327-31.405-6.995c-11.228-4.661-20.223-9.229-26.98-13.702c-6.755-4.47-15.559-10.708-26.407-18.699  c-25.697-18.842-72.995-51.68-141.896-98.501C17.987,202.047,8.375,193.762,0,184.437v226.685c0,12.57,4.471,23.319,13.418,32.265  c8.945,8.949,19.701,13.422,32.264,13.422h420.266c12.56,0,23.315-4.473,32.261-13.422c8.949-8.949,13.418-19.694,13.418-32.265  V184.437C503.441,193.569,493.927,201.854,483.072,209.275z\"><\/path><\/g><\/svg>\t\t\t<\/span>\n\t\t\t\t\t\t\t\t\t<span class=\"elementor-button-text\">Cont\u00e1ctanos<\/span>\n\t\t\t\t\t<\/span>\n\t\t\t\t\t<\/a>\n\t\t\t\t<\/div>\n\t\t\t\t\t\t\t\t<\/div>\n\t\t\t\t<\/div>\n\t\t\t\t<div class=\"elementor-element elementor-element-1362251 elementor-widget elementor-widget-spacer\" data-id=\"1362251\" data-element_type=\"widget\" data-widget_type=\"spacer.default\">\n\t\t\t\t<div class=\"elementor-widget-container\">\n\t\t\t\t\t\t\t<div class=\"elementor-spacer\">\n\t\t\t<div class=\"elementor-spacer-inner\"><\/div>\n\t\t<\/div>\n\t\t\t\t\t\t<\/div>\n\t\t\t\t<\/div>\n\t\t\t\t\t<\/div>\n\t\t<\/div>\n\t\t\t\t\t<\/div>\n\t\t<\/section>\n\t\t\t\t<\/div>\n\t\t","protected":false},"excerpt":{"rendered":"<p>SANAA Misi\u00f3n Somos una empresa p\u00fablica que trabajamos con el agua, elemento fundamental para la salud el bienestar y el desarrollo del pueblo hondure\u00f1o. SANAA Visi\u00f3n Ser una instituci\u00f3n l\u00edder, altamente calificada con solidez financiera y un elevado compromiso hacia el sector; que presta servicios de asistencia para la obtenci\u00f3n de calidad en Agua potable [&hellip;]<\/p>\n","protected":false},"author":1,"featured_media":0,"parent":0,"menu_order":0,"comment_status":"closed","ping_status":"closed","template":"","meta":{"_eb_attr":"","footnotes":""},"class_list":["post-5047","page","type-page","status-publish","hentry"],"_links":{"self":[{"href":"https:\/\/sanaa.hn\/index.php\/wp-json\/wp\/v2\/pages\/5047","targetHints":{"allow":["GET"]}}],"collection":[{"href":"https:\/\/sanaa.hn\/index.php\/wp-json\/wp\/v2\/pages"}],"about":[{"href":"https:\/\/sanaa.hn\/index.php\/wp-json\/wp\/v2\/types\/page"}],"author":[{"embeddable":true,"href":"https:\/\/sanaa.hn\/index.php\/wp-json\/wp\/v2\/users\/1"}],"replies":[{"embeddable":true,"href":"https:\/\/sanaa.hn\/index.php\/wp-json\/wp\/v2\/comments?post=5047"}],"version-history":[{"count":7,"href":"https:\/\/sanaa.hn\/index.php\/wp-json\/wp\/v2\/pages\/5047\/revisions"}],"predecessor-version":[{"id":5070,"href":"https:\/\/sanaa.hn\/index.php\/wp-json\/wp\/v2\/pages\/5047\/revisions\/5070"}],"wp:attachment":[{"href":"https:\/\/sanaa.hn\/index.php\/wp-json\/wp\/v2\/media?parent=5047"}],"curies":[{"name":"wp","href":"https:\/\/api.w.org\/{rel}","templated":true}]}}