{"id":5041,"date":"2023-11-23T19:14:30","date_gmt":"2023-11-23T19:14:30","guid":{"rendered":"http:\/\/sanaa.test\/?page_id=5041"},"modified":"2023-11-27T20:28:38","modified_gmt":"2023-11-27T20:28:38","slug":"nuestra-historia","status":"publish","type":"page","link":"https:\/\/sanaa.hn\/index.php\/nuestra-historia\/","title":{"rendered":"Nuestra Historia"},"content":{"rendered":"\t\t<div data-elementor-type=\"wp-page\" data-elementor-id=\"5041\" class=\"elementor elementor-5041\" data-elementor-post-type=\"page\">\n\t\t\t\t\t\t<section class=\"elementor-section elementor-top-section elementor-element elementor-element-5194351 elementor-section-content-middle elementor-section-boxed elementor-section-height-default elementor-section-height-default\" data-id=\"5194351\" data-element_type=\"section\">\n\t\t\t\t\t\t<div class=\"elementor-container elementor-column-gap-extended\">\n\t\t\t\t\t<div class=\"elementor-column elementor-col-50 elementor-top-column elementor-element elementor-element-a6b6467 ot-flex-column-vertical\" data-id=\"a6b6467\" data-element_type=\"column\">\n\t\t\t<div class=\"elementor-widget-wrap elementor-element-populated\">\n\t\t\t\t\t\t<div class=\"elementor-element elementor-element-05b591b elementor-widget elementor-widget-image\" data-id=\"05b591b\" data-element_type=\"widget\" data-widget_type=\"image.default\">\n\t\t\t\t<div class=\"elementor-widget-container\">\n\t\t\t\t\t\t\t\t\t\t\t\t\t\t\t<img fetchpriority=\"high\" decoding=\"async\" width=\"596\" height=\"647\" src=\"https:\/\/sanaa.hn\/wp-content\/uploads\/2023\/05\/about-H.png\" class=\"attachment-full size-full wp-image-4810\" alt=\"\" srcset=\"https:\/\/sanaa.hn\/wp-content\/uploads\/2023\/05\/about-H.png 596w, https:\/\/sanaa.hn\/wp-content\/uploads\/2023\/05\/about-H-276x300.png 276w\" sizes=\"(max-width: 596px) 100vw, 596px\" \/>\t\t\t\t\t\t\t\t\t\t\t\t\t\t\t<\/div>\n\t\t\t\t<\/div>\n\t\t\t\t\t<\/div>\n\t\t<\/div>\n\t\t\t\t<div class=\"elementor-column elementor-col-50 elementor-top-column elementor-element elementor-element-4917361 ot-flex-column-vertical\" data-id=\"4917361\" data-element_type=\"column\">\n\t\t\t<div class=\"elementor-widget-wrap elementor-element-populated\">\n\t\t\t\t\t\t<div class=\"elementor-element elementor-element-e4d0f75 elementor-widget elementor-widget-iheading\" data-id=\"e4d0f75\" data-element_type=\"widget\" data-widget_type=\"iheading.default\">\n\t\t\t\t<div class=\"elementor-widget-container\">\n\t\t\t\t\t\t\t<div class=\"ot-heading -align\">\r\n\t\t\t\r\n\t\t\t\t\r\n\r\n\t         \r\n\r\n\t        \t        \t<h2 class=\"main-heading\">Historia<\/h2>\r\n\t        \t    <\/div>\r\n\t    \t\t\t\t<\/div>\n\t\t\t\t<\/div>\n\t\t\t\t<div class=\"elementor-element elementor-element-c4ce60d elementor-widget elementor-widget-text-editor\" data-id=\"c4ce60d\" data-element_type=\"widget\" data-widget_type=\"text-editor.default\">\n\t\t\t\t<div class=\"elementor-widget-container\">\n\t\t\t\t\t\t\t\t\t<p>El SERVICIO AUT\u00d3NOMO NACIONAL DE ACUEDUCTOS Y ALCANTARILLADOS &#8220;SANAA&#8221;, Instituci\u00f3n del Estado creada por Decreto Legislativo N\u00b0 91 del 26 de Abril de 1961 y publicado en el \u00d3rgano Oficial &#8221; La Gaceta&#8221; con fecha martes 23 de Mayo de 1961 con el numero 17,382. Organismo creado para Normalizar, Dise\u00f1ar, Construir y Supervisar Sistemas de Agua Potable y Alcantarillado Sanitario en la Rep\u00fablica de Honduras, dependiente del Ministerio de Salud P\u00fablica; siendo el Organismo Estatal que regula y controla lo referente a agua y saneamiento haciendo que se cumplan las normas de calidad en todos los aspectos que al tema se refieren.<\/p>\t\t\t\t\t\t\t\t<\/div>\n\t\t\t\t<\/div>\n\t\t\t\t<div class=\"elementor-element elementor-element-9dd3257 elementor-widget elementor-widget-ivideopopup\" data-id=\"9dd3257\" data-element_type=\"widget\" data-widget_type=\"ivideopopup.default\">\n\t\t\t\t<div class=\"elementor-widget-container\">\n\t\t\t\t\t\t\t<div class=\"video-popup\">\r\n\t\t\t<div class=\"btn-inner\">\r\n\t\t        <a class=\"btn-play\" href=\"https:\/\/www.youtube.com\/watch?v=FqoovyKHGNE\">\r\n\t\t        \t<i class=\"fas fa-play\"><\/i>\r\n\t\t        \t\t\t        \t<span class=\"circle-1\"><\/span>\r\n\t\t\t\t\t<span class=\"circle-2\"><\/span>\r\n\t\t\t\t\t\t\t        <\/a>\r\n\t        <\/div>\r\n\t        <span>Historia SANAA<\/span>\t    <\/div>\r\n\t    \t\t\t\t<\/div>\n\t\t\t\t<\/div>\n\t\t\t\t\t<\/div>\n\t\t<\/div>\n\t\t\t\t\t<\/div>\n\t\t<\/section>\n\t\t\t\t<section class=\"elementor-section elementor-top-section elementor-element elementor-element-ec7155a elementor-section-boxed elementor-section-height-default elementor-section-height-default\" data-id=\"ec7155a\" data-element_type=\"section\">\n\t\t\t\t\t\t<div class=\"elementor-container elementor-column-gap-default\">\n\t\t\t\t\t<div class=\"elementor-column elementor-col-100 elementor-top-column elementor-element elementor-element-aa20b4e ot-flex-column-vertical\" data-id=\"aa20b4e\" data-element_type=\"column\">\n\t\t\t<div class=\"elementor-widget-wrap elementor-element-populated\">\n\t\t\t\t\t\t<div class=\"elementor-element elementor-element-5a9e45b elementor-widget elementor-widget-text-editor\" data-id=\"5a9e45b\" data-element_type=\"widget\" data-widget_type=\"text-editor.default\">\n\t\t\t\t<div class=\"elementor-widget-container\">\n\t\t\t\t\t\t\t\t\t<h1 class=\"dt-sc-lightweight no-bottom-margin\">PARA NOSOTROS ES MUY IMPORTANTE\u00a0<strong>SU OPINI\u00d3N<\/strong><\/h1><div class=\"wpb_text_column wpb_content_element \"><div class=\"wpb_wrapper\"><div class=\"wpb_column vc_column_container vc_col-sm-9\"><div class=\"vc_column-inner \"><div class=\"wpb_wrapper\"><div class=\"wpb_text_column wpb_content_element \"><div class=\"wpb_wrapper\"><p>Nos gustar\u00eda saber su opini\u00f3n, por favor cont\u00e1ctenos mediante nuestro formulario de contacto.<\/p><\/div><\/div><\/div><\/div><\/div><\/div><\/div>\t\t\t\t\t\t\t\t<\/div>\n\t\t\t\t<\/div>\n\t\t\t\t<div class=\"elementor-element elementor-element-90feac2 elementor-widget elementor-widget-button\" data-id=\"90feac2\" data-element_type=\"widget\" data-widget_type=\"button.default\">\n\t\t\t\t<div class=\"elementor-widget-container\">\n\t\t\t\t\t\t\t\t\t<div class=\"elementor-button-wrapper\">\n\t\t\t\t\t<a class=\"elementor-button elementor-button-link elementor-size-sm\" href=\"http:\/\/sanaa.test\/contacto\/\">\n\t\t\t\t\t\t<span class=\"elementor-button-content-wrapper\">\n\t\t\t\t\t\t<span class=\"elementor-button-icon\">\n\t\t\t\t<svg xmlns=\"http:\/\/www.w3.org\/2000\/svg\" xmlns:xlink=\"http:\/\/www.w3.org\/1999\/xlink\" id=\"Capa_1\" x=\"0px\" y=\"0px\" viewBox=\"0 0 511.626 511.626\" style=\"enable-background:new 0 0 511.626 511.626;\" xml:space=\"preserve\"><g>\t<path d=\"M49.106,178.729c6.472,4.567,25.981,18.131,58.528,40.685c32.548,22.554,57.482,39.92,74.803,52.099  c1.903,1.335,5.946,4.237,12.131,8.71c6.186,4.476,11.326,8.093,15.416,10.852c4.093,2.758,9.041,5.852,14.849,9.277  c5.806,3.422,11.279,5.996,16.418,7.7c5.14,1.718,9.898,2.569,14.275,2.569h0.287h0.288c4.377,0,9.137-0.852,14.277-2.569  c5.137-1.704,10.615-4.281,16.416-7.7c5.804-3.429,10.752-6.52,14.845-9.277c4.093-2.759,9.229-6.376,15.417-10.852  c6.184-4.477,10.232-7.375,12.135-8.71c17.508-12.179,62.051-43.11,133.615-92.79c13.894-9.703,25.502-21.411,34.827-35.116  c9.332-13.699,13.993-28.07,13.993-43.105c0-12.564-4.523-23.319-13.565-32.264c-9.041-8.947-19.749-13.418-32.117-13.418H45.679  c-14.655,0-25.933,4.948-33.832,14.844C3.949,79.562,0,91.934,0,106.779c0,11.991,5.236,24.985,15.703,38.974  C26.169,159.743,37.307,170.736,49.106,178.729z\"><\/path>\t<path d=\"M483.072,209.275c-62.424,42.251-109.824,75.087-142.177,98.501c-10.849,7.991-19.65,14.229-26.409,18.699  c-6.759,4.473-15.748,9.041-26.98,13.702c-11.228,4.668-21.692,6.995-31.401,6.995h-0.291h-0.287  c-9.707,0-20.177-2.327-31.405-6.995c-11.228-4.661-20.223-9.229-26.98-13.702c-6.755-4.47-15.559-10.708-26.407-18.699  c-25.697-18.842-72.995-51.68-141.896-98.501C17.987,202.047,8.375,193.762,0,184.437v226.685c0,12.57,4.471,23.319,13.418,32.265  c8.945,8.949,19.701,13.422,32.264,13.422h420.266c12.56,0,23.315-4.473,32.261-13.422c8.949-8.949,13.418-19.694,13.418-32.265  V184.437C503.441,193.569,493.927,201.854,483.072,209.275z\"><\/path><\/g><\/svg>\t\t\t<\/span>\n\t\t\t\t\t\t\t\t\t<span class=\"elementor-button-text\">Cont\u00e1ctanos<\/span>\n\t\t\t\t\t<\/span>\n\t\t\t\t\t<\/a>\n\t\t\t\t<\/div>\n\t\t\t\t\t\t\t\t<\/div>\n\t\t\t\t<\/div>\n\t\t\t\t<div class=\"elementor-element elementor-element-53975c8 elementor-widget elementor-widget-spacer\" data-id=\"53975c8\" data-element_type=\"widget\" data-widget_type=\"spacer.default\">\n\t\t\t\t<div class=\"elementor-widget-container\">\n\t\t\t\t\t\t\t<div class=\"elementor-spacer\">\n\t\t\t<div class=\"elementor-spacer-inner\"><\/div>\n\t\t<\/div>\n\t\t\t\t\t\t<\/div>\n\t\t\t\t<\/div>\n\t\t\t\t\t<\/div>\n\t\t<\/div>\n\t\t\t\t\t<\/div>\n\t\t<\/section>\n\t\t\t\t<\/div>\n\t\t","protected":false},"excerpt":{"rendered":"<p>Historia El SERVICIO AUT\u00d3NOMO NACIONAL DE ACUEDUCTOS Y ALCANTARILLADOS &#8220;SANAA&#8221;, Instituci\u00f3n del Estado creada por Decreto Legislativo N\u00b0 91 del 26 de Abril de 1961 y publicado en el \u00d3rgano Oficial &#8221; La Gaceta&#8221; con fecha martes 23 de Mayo de 1961 con el numero 17,382. Organismo creado para Normalizar, Dise\u00f1ar, Construir y Supervisar Sistemas [&hellip;]<\/p>\n","protected":false},"author":1,"featured_media":0,"parent":0,"menu_order":0,"comment_status":"closed","ping_status":"closed","template":"","meta":{"_eb_attr":"","footnotes":""},"class_list":["post-5041","page","type-page","status-publish","hentry"],"_links":{"self":[{"href":"https:\/\/sanaa.hn\/index.php\/wp-json\/wp\/v2\/pages\/5041","targetHints":{"allow":["GET"]}}],"collection":[{"href":"https:\/\/sanaa.hn\/index.php\/wp-json\/wp\/v2\/pages"}],"about":[{"href":"https:\/\/sanaa.hn\/index.php\/wp-json\/wp\/v2\/types\/page"}],"author":[{"embeddable":true,"href":"https:\/\/sanaa.hn\/index.php\/wp-json\/wp\/v2\/users\/1"}],"replies":[{"embeddable":true,"href":"https:\/\/sanaa.hn\/index.php\/wp-json\/wp\/v2\/comments?post=5041"}],"version-history":[{"count":19,"href":"https:\/\/sanaa.hn\/index.php\/wp-json\/wp\/v2\/pages\/5041\/revisions"}],"predecessor-version":[{"id":5067,"href":"https:\/\/sanaa.hn\/index.php\/wp-json\/wp\/v2\/pages\/5041\/revisions\/5067"}],"wp:attachment":[{"href":"https:\/\/sanaa.hn\/index.php\/wp-json\/wp\/v2\/media?parent=5041"}],"curies":[{"name":"wp","href":"https:\/\/api.w.org\/{rel}","templated":true}]}}